{"id":378,"date":"2023-08-29T11:55:37","date_gmt":"2023-08-29T09:55:37","guid":{"rendered":"https:\/\/www.minolongo.com\/homepage\/"},"modified":"2023-09-22T11:46:48","modified_gmt":"2023-09-22T09:46:48","slug":"homepage","status":"publish","type":"page","link":"https:\/\/www.minolongo.com\/en\/","title":{"rendered":"Homepage"},"content":{"rendered":"[et_pb_section fb_built=&#8221;1&#8243; fullwidth=&#8221;on&#8221; _builder_version=&#8221;4.22.1&#8243; _module_preset=&#8221;default&#8221; background_image=&#8221;https:\/\/www.minolongo.com\/wp-content\/uploads\/2023\/09\/VVDSE2799_taglio-copia.jpg&#8221; background_position=&#8221;top_center&#8221; module_alignment=&#8221;center&#8221; min_height=&#8221;75vh&#8221; hover_enabled=&#8221;0&#8243; global_colors_info=&#8221;{}&#8221; title_text=&#8221;VVDSE2799_taglio copia&#8221; sticky_enabled=&#8221;0&#8243;][et_pb_fullwidth_code module_class=&#8221;home-title-divi-block&#8221; _builder_version=&#8221;4.22.1&#8243; _module_preset=&#8221;default&#8221; text_orientation=&#8221;center&#8221; module_alignment=&#8221;center&#8221; height=&#8221;100vh&#8221; global_colors_info=&#8221;{}&#8221;]<div class=\"home-title-block\"><!-- [et_pb_line_break_holder] -->  <div class=\"home-title-block-text\"><!-- [et_pb_line_break_holder] -->  \t<h2><!-- [et_pb_line_break_holder] --> UNA VITA A COMUNICARE LE MIE EMOZIONI, LA MIA POLIEDRICIT\u00c0,<!\u2013- [et_pb_br_holder] -\u2013> <!-- [et_pb_line_break_holder] --> LA MIA ESTETICA VERSATILE NEL QUOTIDIANO CON LA MIA ARTE.<!-- [et_pb_line_break_holder] -->    <\/h2><!-- [et_pb_line_break_holder] -->\t<\/div><!-- [et_pb_line_break_holder] -->  <div class=\"home-title-block-title\"><!-- [et_pb_line_break_holder] -->  \t<h1><!-- [et_pb_line_break_holder] --> Mino Longo<!-- [et_pb_line_break_holder] -->    <\/h1><!-- [et_pb_line_break_holder] -->    <a href=\"#\" title=\"About Mino Longo\" alt=\"About Mino Longo\" class=\"home-title-button\"><img decoding=\"async\" title=\"About\" src=\"\/core\/img\/freccia_bianca.svg\"><\/a><!-- [et_pb_line_break_holder] -->\t<\/div><!-- [et_pb_line_break_holder] --><\/div>[\/et_pb_fullwidth_code][\/et_pb_section][et_pb_section fb_built=&#8221;1&#8243; _builder_version=&#8221;4.22.1&#8243; custom_padding=&#8221;0px|0px|0px|0px|true|true&#8221; global_colors_info=&#8221;{}&#8221;][et_pb_row module_class=&#8221;body-background-image&#8221; _builder_version=&#8221;4.22.1&#8243; background_size=&#8221;initial&#8221; background_position=&#8221;top_left&#8221; background_repeat=&#8221;repeat&#8221; custom_padding=&#8221;||0px||false|false&#8221; global_colors_info=&#8221;{}&#8221;][et_pb_column type=&#8221;4_4&#8243; _builder_version=&#8221;4.16&#8243; custom_padding=&#8221;|||&#8221; global_colors_info=&#8221;{}&#8221; custom_padding__hover=&#8221;|||&#8221;][et_pb_code _builder_version=&#8221;4.22.1&#8243; _module_preset=&#8221;default&#8221; global_colors_info=&#8221;{}&#8221;]<div class=\"home-img-section\"><!-- [et_pb_line_break_holder] -->  <!-- [et_pb_line_break_holder] -->  <div class=\"home-img-block home-img-pannelli\"><!-- [et_pb_line_break_holder] -->    <a href=\"#\" alt=\"Pannelli\" title=\"Pannelli\" class=\"home-img-link\"><!-- [et_pb_line_break_holder] -->      <img decoding=\"async\" alt=\"Pannelli\" src=\"\/wp-content\/uploads\/2023\/08\/03_MinoLongo_Pannelli_E8671_RITAGLIO.jpg\"> <pee>PANNELLI<\/pee><!-- [et_pb_line_break_holder] -->    <\/a><!-- [et_pb_line_break_holder] -->    <a href=\"#\" alt=\"Pannelli\" title=\"Pannelli\" class=\"home-img-arrow\"><!-- [et_pb_line_break_holder] -->      <img decoding=\"async\" alt=\"Pannelli\" src=\"\/core\/img\/freccia_nera.svg\"><!-- [et_pb_line_break_holder] -->    <\/a><!-- [et_pb_line_break_holder] -->\t<\/div><!-- [et_pb_line_break_holder] -->  <!-- [et_pb_line_break_holder] -->  <div class=\"home-img-block home-img-interiors\"><!-- [et_pb_line_break_holder] -->    <a href=\"#\" alt=\"Interiors\" title=\"Interiors\" class=\"home-img-link\"><!-- [et_pb_line_break_holder] -->      <img decoding=\"async\" alt=\"Interiors\" src=\"\/wp-content\/uploads\/2023\/08\/04_MinoLongo_Interiors_8286_RITAGLIO.jpg\"> <pee>INTERIORS<\/pee><!-- [et_pb_line_break_holder] -->    <\/a><!-- [et_pb_line_break_holder] -->    <a href=\"#\" alt=\"Pannelli\" title=\"Pannelli\" class=\"home-img-arrow\"><!-- [et_pb_line_break_holder] -->      <img decoding=\"async\" alt=\"Pannelli\" src=\"\/core\/img\/freccia_nera.svg\"><!-- [et_pb_line_break_holder] -->    <\/a><!-- [et_pb_line_break_holder] -->\t<\/div><!-- [et_pb_line_break_holder] -->  <!-- [et_pb_line_break_holder] -->  <div class=\"home-img-block home-img-prodotti\"><!-- [et_pb_line_break_holder] -->    <a href=\"#\" alt=\"Prodotti\" title=\"Prodotti\" class=\"home-img-link\"><!-- [et_pb_line_break_holder] -->      <img decoding=\"async\" alt=\"Prodotti\" src=\"\/wp-content\/uploads\/2023\/08\/05_MinoLongo_Prodotti_E3472_RITAGLIO.jpg\"> <pee>PRODOTTI<\/pee><!-- [et_pb_line_break_holder] -->    <\/a><!-- [et_pb_line_break_holder] -->    <a href=\"#\" alt=\"Pannelli\" title=\"Pannelli\" class=\"home-img-arrow\"><!-- [et_pb_line_break_holder] -->      <img decoding=\"async\" alt=\"Pannelli\" src=\"\/core\/img\/freccia_nera.svg\"><!-- [et_pb_line_break_holder] -->    <\/a><!-- [et_pb_line_break_holder] -->\t<\/div><!-- [et_pb_line_break_holder] -->  <!-- [et_pb_line_break_holder] -->  <div class=\"home-img-block home-img-arte\"><!-- [et_pb_line_break_holder] -->    <a href=\"#\" alt=\"Arte\" title=\"Arte\" class=\"home-img-link\"><!-- [et_pb_line_break_holder] -->      <img decoding=\"async\" alt=\"Arte\" src=\"\/wp-content\/uploads\/2023\/08\/06_MinoLongo_Arte_0363_RITAGLIO.jpg\"> <pee>ARTE<\/pee><!-- [et_pb_line_break_holder] -->    <\/a><!-- [et_pb_line_break_holder] -->    <a href=\"#\" alt=\"Pannelli\" title=\"Pannelli\" class=\"home-img-arrow\"><!-- [et_pb_line_break_holder] -->      <img decoding=\"async\" alt=\"Pannelli\" src=\"\/core\/img\/freccia_nera.svg\"><!-- [et_pb_line_break_holder] -->    <\/a><!-- [et_pb_line_break_holder] -->\t<\/div><!-- [et_pb_line_break_holder] -->  <!-- [et_pb_line_break_holder] --><\/div>[\/et_pb_code][\/et_pb_column][\/et_pb_row][\/et_pb_section]","protected":false},"excerpt":{"rendered":"","protected":false},"author":1,"featured_media":0,"parent":0,"menu_order":0,"comment_status":"closed","ping_status":"open","template":"","meta":{"_et_pb_use_builder":"on","_et_pb_old_content":"<!-- wp:paragraph -->\r\n<p>Questa \u00e8 una pagina di esempio. Differisce da un articolo di un blog perch\u00e9 rimane sempre allo stesso posto e (in molti temi) appare nel menu di navigazione. Molte persone iniziano con una pagina di Informazioni che li presentano ai visitatori del sito. Potrebbe apparire una presentazione del tipo:<\/p>\r\n<!-- \/wp:paragraph --><!-- wp:quote -->\r\n<blockquote class=\"wp-block-quote\">\r\n<p>Ciao! Sono un fattorino ciclista di giorno, aspirante attore di notte e questo \u00e8 il mio sito web. Vivo a Los Angeles, ho un grande cane di nome Jack e mi piace la pi\u00f1a colada. (E prendere la pioggia)<\/p>\r\n<\/blockquote>\r\n<!-- \/wp:quote --><!-- wp:paragraph -->\r\n<p>...o qualcosa di simile:<\/p>\r\n<!-- \/wp:paragraph --><!-- wp:quote -->\r\n<blockquote class=\"wp-block-quote\">\r\n<p>La Societ\u00e0 XYZ Aggeggi \u00e8 stata fondata nel 1971 e da allora fornisce al pubblico aggeggi di ottima qualit\u00e0. Situata a Fantasilandia, XYZ impiega oltre 2.000 persone e realizza ogni sorta di aggeggio fantastico per la comunit\u00e0 di Fantasilandia.<\/p>\r\n<\/blockquote>\r\n<!-- \/wp:quote --><!-- wp:paragraph -->\r\n<p>Come nuovo utente di WordPress, dovresti andare nella tua <a href=\"https:\/\/minolongo.com\/wp-admin\/\">Bacheca<\/a> per eliminare questa pagina, e crearne delle nuove per i tuoi contenuti. Divertiti!<\/p>\r\n<!-- \/wp:paragraph -->","_et_gb_content_width":"","footnotes":""},"class_list":["post-378","page","type-page","status-publish","hentry"],"yoast_head":"<!-- This site is optimized with the Yoast SEO plugin v21.7 - https:\/\/yoast.com\/wordpress\/plugins\/seo\/ -->\n<title>Homepage - Mino Longo<\/title>\n<meta name=\"robots\" content=\"index, follow, max-snippet:-1, max-image-preview:large, max-video-preview:-1\" \/>\n<link rel=\"canonical\" href=\"https:\/\/www.minolongo.com\/\" \/>\n<meta property=\"og:locale\" content=\"en_US\" \/>\n<meta property=\"og:type\" content=\"article\" \/>\n<meta property=\"og:title\" content=\"Homepage - Mino Longo\" \/>\n<meta property=\"og:url\" content=\"https:\/\/www.minolongo.com\/\" \/>\n<meta property=\"og:site_name\" content=\"Mino Longo\" \/>\n<meta property=\"article:modified_time\" content=\"2023-09-22T09:46:48+00:00\" \/>\n<meta name=\"twitter:card\" content=\"summary_large_image\" \/>\n<meta name=\"twitter:label1\" content=\"Est. reading time\" \/>\n\t<meta name=\"twitter:data1\" content=\"1 minute\" \/>\n<script type=\"application\/ld+json\" class=\"yoast-schema-graph\">{\"@context\":\"https:\/\/schema.org\",\"@graph\":[{\"@type\":\"WebPage\",\"@id\":\"https:\/\/www.minolongo.com\/\",\"url\":\"https:\/\/www.minolongo.com\/\",\"name\":\"Homepage - Mino Longo\",\"isPartOf\":{\"@id\":\"https:\/\/www.minolongo.com\/#website\"},\"datePublished\":\"2023-08-29T09:55:37+00:00\",\"dateModified\":\"2023-09-22T09:46:48+00:00\",\"breadcrumb\":{\"@id\":\"https:\/\/www.minolongo.com\/#breadcrumb\"},\"inLanguage\":\"en-US\",\"potentialAction\":[{\"@type\":\"ReadAction\",\"target\":[\"https:\/\/www.minolongo.com\/\"]}]},{\"@type\":\"BreadcrumbList\",\"@id\":\"https:\/\/www.minolongo.com\/#breadcrumb\",\"itemListElement\":[{\"@type\":\"ListItem\",\"position\":1,\"name\":\"Home\",\"item\":\"https:\/\/www.minolongo.com\/\"},{\"@type\":\"ListItem\",\"position\":2,\"name\":\"Homepage\"}]},{\"@type\":\"WebSite\",\"@id\":\"https:\/\/www.minolongo.com\/#website\",\"url\":\"https:\/\/www.minolongo.com\/\",\"name\":\"Mino Longo\",\"description\":\"Resin Performer\",\"alternateName\":\"Mino Longo\",\"potentialAction\":[{\"@type\":\"SearchAction\",\"target\":{\"@type\":\"EntryPoint\",\"urlTemplate\":\"https:\/\/www.minolongo.com\/?s={search_term_string}\"},\"query-input\":\"required name=search_term_string\"}],\"inLanguage\":\"en-US\"}]}<\/script>\n<!-- \/ Yoast SEO plugin. -->","yoast_head_json":{"title":"Homepage - Mino Longo","robots":{"index":"index","follow":"follow","max-snippet":"max-snippet:-1","max-image-preview":"max-image-preview:large","max-video-preview":"max-video-preview:-1"},"canonical":"https:\/\/www.minolongo.com\/","og_locale":"en_US","og_type":"article","og_title":"Homepage - Mino Longo","og_url":"https:\/\/www.minolongo.com\/","og_site_name":"Mino Longo","article_modified_time":"2023-09-22T09:46:48+00:00","twitter_card":"summary_large_image","twitter_misc":{"Est. reading time":"1 minute"},"schema":{"@context":"https:\/\/schema.org","@graph":[{"@type":"WebPage","@id":"https:\/\/www.minolongo.com\/","url":"https:\/\/www.minolongo.com\/","name":"Homepage - Mino Longo","isPartOf":{"@id":"https:\/\/www.minolongo.com\/#website"},"datePublished":"2023-08-29T09:55:37+00:00","dateModified":"2023-09-22T09:46:48+00:00","breadcrumb":{"@id":"https:\/\/www.minolongo.com\/#breadcrumb"},"inLanguage":"en-US","potentialAction":[{"@type":"ReadAction","target":["https:\/\/www.minolongo.com\/"]}]},{"@type":"BreadcrumbList","@id":"https:\/\/www.minolongo.com\/#breadcrumb","itemListElement":[{"@type":"ListItem","position":1,"name":"Home","item":"https:\/\/www.minolongo.com\/"},{"@type":"ListItem","position":2,"name":"Homepage"}]},{"@type":"WebSite","@id":"https:\/\/www.minolongo.com\/#website","url":"https:\/\/www.minolongo.com\/","name":"Mino Longo","description":"Resin Performer","alternateName":"Mino Longo","potentialAction":[{"@type":"SearchAction","target":{"@type":"EntryPoint","urlTemplate":"https:\/\/www.minolongo.com\/?s={search_term_string}"},"query-input":"required name=search_term_string"}],"inLanguage":"en-US"}]}},"_links":{"self":[{"href":"https:\/\/www.minolongo.com\/en\/wp-json\/wp\/v2\/pages\/378","targetHints":{"allow":["GET"]}}],"collection":[{"href":"https:\/\/www.minolongo.com\/en\/wp-json\/wp\/v2\/pages"}],"about":[{"href":"https:\/\/www.minolongo.com\/en\/wp-json\/wp\/v2\/types\/page"}],"author":[{"embeddable":true,"href":"https:\/\/www.minolongo.com\/en\/wp-json\/wp\/v2\/users\/1"}],"replies":[{"embeddable":true,"href":"https:\/\/www.minolongo.com\/en\/wp-json\/wp\/v2\/comments?post=378"}],"version-history":[{"count":9,"href":"https:\/\/www.minolongo.com\/en\/wp-json\/wp\/v2\/pages\/378\/revisions"}],"predecessor-version":[{"id":392,"href":"https:\/\/www.minolongo.com\/en\/wp-json\/wp\/v2\/pages\/378\/revisions\/392"}],"wp:attachment":[{"href":"https:\/\/www.minolongo.com\/en\/wp-json\/wp\/v2\/media?parent=378"}],"curies":[{"name":"wp","href":"https:\/\/api.w.org\/{rel}","templated":true}]}}